{"id":1240,"date":"2021-04-10T07:07:11","date_gmt":"2021-04-10T07:07:11","guid":{"rendered":"https:\/\/luxorbcn.com\/amenities\/bala-vibradora\/"},"modified":"2026-03-12T12:19:52","modified_gmt":"2026-03-12T12:19:52","slug":"bala-vibradora","status":"publish","type":"product","link":"https:\/\/luxorbcn.com\/ca\/amenities\/bala-vibradora\/","title":{"rendered":"Bala vibradora"},"content":{"rendered":"<p>Mini estimulador bala con pilas recargables<\/p>\n","protected":false},"excerpt":{"rendered":"<p>Mini estimulador bala con pilas recargables<\/p>\n","protected":false},"featured_media":5669,"template":"","meta":{"_acf_changed":false},"product_brand":[],"product_cat":[37],"product_tag":[],"class_list":{"0":"post-1240","1":"product","2":"type-product","3":"status-publish","4":"has-post-thumbnail","6":"product_cat-joguines-erotiques","8":"first","9":"instock","10":"shipping-taxable","11":"purchasable","12":"product-type-simple"},"acf":[],"yoast_head":"<!-- This site is optimized with the Yoast SEO plugin v27.4 - https:\/\/yoast.com\/product\/yoast-seo-wordpress\/ -->\n<title>Bala vibradora vers\u00e0til &#187; Luxor Barcelona<\/title>\n<meta name=\"description\" content=\"La bala vibradora \u00e9s un dels vibradors m\u00e9s vers\u00e0tils. L\u2019\u00fanic l\u00edmit \u00e9s la teva pr\u00f2pia imaginaci\u00f3. Fort o suau, com tu vulguis.\" \/>\n<meta name=\"robots\" content=\"index, follow, max-snippet:-1, max-image-preview:large, max-video-preview:-1\" \/>\n<link rel=\"canonical\" href=\"https:\/\/luxorbcn.com\/ca\/amenities\/bala-vibradora\/\" \/>\n<meta property=\"og:locale\" content=\"ca_ES\" \/>\n<meta property=\"og:type\" content=\"article\" \/>\n<meta property=\"og:title\" content=\"Bala vibradora vers\u00e0til &#187; Luxor Barcelona\" \/>\n<meta property=\"og:description\" content=\"La bala vibradora \u00e9s un dels vibradors m\u00e9s vers\u00e0tils. L\u2019\u00fanic l\u00edmit \u00e9s la teva pr\u00f2pia imaginaci\u00f3. Fort o suau, com tu vulguis.\" \/>\n<meta property=\"og:url\" content=\"https:\/\/luxorbcn.com\/ca\/amenities\/bala-vibradora\/\" \/>\n<meta property=\"og:site_name\" content=\"Luxor Barcelona\" \/>\n<meta property=\"article:modified_time\" content=\"2026-03-12T12:19:52+00:00\" \/>\n<meta property=\"og:image\" content=\"https:\/\/luxorbcn.com\/wp-content\/uploads\/2021\/04\/bala-vibradora.webp\" \/>\n\t<meta property=\"og:image:width\" content=\"800\" \/>\n\t<meta property=\"og:image:height\" content=\"800\" \/>\n\t<meta property=\"og:image:type\" content=\"image\/webp\" \/>\n<meta name=\"twitter:card\" content=\"summary_large_image\" \/>\n<meta name=\"twitter:label1\" content=\"Temps estimat de lectura\" \/>\n\t<meta name=\"twitter:data1\" content=\"1 minut\" \/>\n<script type=\"application\/ld+json\" class=\"yoast-schema-graph\">{\"@context\":\"https:\\\/\\\/schema.org\",\"@graph\":[{\"@type\":\"WebPage\",\"@id\":\"https:\\\/\\\/luxorbcn.com\\\/ca\\\/amenities\\\/bala-vibradora\\\/\",\"url\":\"https:\\\/\\\/luxorbcn.com\\\/ca\\\/amenities\\\/bala-vibradora\\\/\",\"name\":\"Bala vibradora vers\u00e0til &#187; Luxor Barcelona\",\"isPartOf\":{\"@id\":\"https:\\\/\\\/luxorbcn.com\\\/ca\\\/#website\"},\"primaryImageOfPage\":{\"@id\":\"https:\\\/\\\/luxorbcn.com\\\/ca\\\/amenities\\\/bala-vibradora\\\/#primaryimage\"},\"image\":{\"@id\":\"https:\\\/\\\/luxorbcn.com\\\/ca\\\/amenities\\\/bala-vibradora\\\/#primaryimage\"},\"thumbnailUrl\":\"https:\\\/\\\/luxorbcn.com\\\/wp-content\\\/uploads\\\/2021\\\/04\\\/bala-vibradora.webp\",\"datePublished\":\"2021-04-10T07:07:11+00:00\",\"dateModified\":\"2026-03-12T12:19:52+00:00\",\"description\":\"La bala vibradora \u00e9s un dels vibradors m\u00e9s vers\u00e0tils. L\u2019\u00fanic l\u00edmit \u00e9s la teva pr\u00f2pia imaginaci\u00f3. Fort o suau, com tu vulguis.\",\"breadcrumb\":{\"@id\":\"https:\\\/\\\/luxorbcn.com\\\/ca\\\/amenities\\\/bala-vibradora\\\/#breadcrumb\"},\"inLanguage\":\"ca\",\"potentialAction\":[{\"@type\":\"ReadAction\",\"target\":[\"https:\\\/\\\/luxorbcn.com\\\/ca\\\/amenities\\\/bala-vibradora\\\/\"]}]},{\"@type\":\"ImageObject\",\"inLanguage\":\"ca\",\"@id\":\"https:\\\/\\\/luxorbcn.com\\\/ca\\\/amenities\\\/bala-vibradora\\\/#primaryimage\",\"url\":\"https:\\\/\\\/luxorbcn.com\\\/wp-content\\\/uploads\\\/2021\\\/04\\\/bala-vibradora.webp\",\"contentUrl\":\"https:\\\/\\\/luxorbcn.com\\\/wp-content\\\/uploads\\\/2021\\\/04\\\/bala-vibradora.webp\",\"width\":800,\"height\":800,\"caption\":\"Bala vibradora vers\u00e0til\"},{\"@type\":\"BreadcrumbList\",\"@id\":\"https:\\\/\\\/luxorbcn.com\\\/ca\\\/amenities\\\/bala-vibradora\\\/#breadcrumb\",\"itemListElement\":[{\"@type\":\"ListItem\",\"position\":1,\"name\":\"Portada\",\"item\":\"https:\\\/\\\/luxorbcn.com\\\/ca\\\/\"},{\"@type\":\"ListItem\",\"position\":2,\"name\":\"Amenities Love Rooms\",\"item\":\"https:\\\/\\\/luxorbcn.com\\\/amenities\\\/\"},{\"@type\":\"ListItem\",\"position\":3,\"name\":\"Bala vibradora\"}]},{\"@type\":\"WebSite\",\"@id\":\"https:\\\/\\\/luxorbcn.com\\\/ca\\\/#website\",\"url\":\"https:\\\/\\\/luxorbcn.com\\\/ca\\\/\",\"name\":\"Luxor Barcelona\",\"description\":\"Hotel por horas en Barcelona\",\"potentialAction\":[{\"@type\":\"SearchAction\",\"target\":{\"@type\":\"EntryPoint\",\"urlTemplate\":\"https:\\\/\\\/luxorbcn.com\\\/ca\\\/?s={search_term_string}\"},\"query-input\":{\"@type\":\"PropertyValueSpecification\",\"valueRequired\":true,\"valueName\":\"search_term_string\"}}],\"inLanguage\":\"ca\"}]}<\/script>\n<!-- \/ Yoast SEO plugin. -->","yoast_head_json":{"title":"Bala vibradora vers\u00e0til &#187; Luxor Barcelona","description":"La bala vibradora \u00e9s un dels vibradors m\u00e9s vers\u00e0tils. L\u2019\u00fanic l\u00edmit \u00e9s la teva pr\u00f2pia imaginaci\u00f3. Fort o suau, com tu vulguis.","robots":{"index":"index","follow":"follow","max-snippet":"max-snippet:-1","max-image-preview":"max-image-preview:large","max-video-preview":"max-video-preview:-1"},"canonical":"https:\/\/luxorbcn.com\/ca\/amenities\/bala-vibradora\/","og_locale":"ca_ES","og_type":"article","og_title":"Bala vibradora vers\u00e0til &#187; Luxor Barcelona","og_description":"La bala vibradora \u00e9s un dels vibradors m\u00e9s vers\u00e0tils. L\u2019\u00fanic l\u00edmit \u00e9s la teva pr\u00f2pia imaginaci\u00f3. Fort o suau, com tu vulguis.","og_url":"https:\/\/luxorbcn.com\/ca\/amenities\/bala-vibradora\/","og_site_name":"Luxor Barcelona","article_modified_time":"2026-03-12T12:19:52+00:00","og_image":[{"width":800,"height":800,"url":"https:\/\/luxorbcn.com\/wp-content\/uploads\/2021\/04\/bala-vibradora.webp","type":"image\/webp"}],"twitter_card":"summary_large_image","twitter_misc":{"Temps estimat de lectura":"1 minut"},"schema":{"@context":"https:\/\/schema.org","@graph":[{"@type":"WebPage","@id":"https:\/\/luxorbcn.com\/ca\/amenities\/bala-vibradora\/","url":"https:\/\/luxorbcn.com\/ca\/amenities\/bala-vibradora\/","name":"Bala vibradora vers\u00e0til &#187; Luxor Barcelona","isPartOf":{"@id":"https:\/\/luxorbcn.com\/ca\/#website"},"primaryImageOfPage":{"@id":"https:\/\/luxorbcn.com\/ca\/amenities\/bala-vibradora\/#primaryimage"},"image":{"@id":"https:\/\/luxorbcn.com\/ca\/amenities\/bala-vibradora\/#primaryimage"},"thumbnailUrl":"https:\/\/luxorbcn.com\/wp-content\/uploads\/2021\/04\/bala-vibradora.webp","datePublished":"2021-04-10T07:07:11+00:00","dateModified":"2026-03-12T12:19:52+00:00","description":"La bala vibradora \u00e9s un dels vibradors m\u00e9s vers\u00e0tils. L\u2019\u00fanic l\u00edmit \u00e9s la teva pr\u00f2pia imaginaci\u00f3. Fort o suau, com tu vulguis.","breadcrumb":{"@id":"https:\/\/luxorbcn.com\/ca\/amenities\/bala-vibradora\/#breadcrumb"},"inLanguage":"ca","potentialAction":[{"@type":"ReadAction","target":["https:\/\/luxorbcn.com\/ca\/amenities\/bala-vibradora\/"]}]},{"@type":"ImageObject","inLanguage":"ca","@id":"https:\/\/luxorbcn.com\/ca\/amenities\/bala-vibradora\/#primaryimage","url":"https:\/\/luxorbcn.com\/wp-content\/uploads\/2021\/04\/bala-vibradora.webp","contentUrl":"https:\/\/luxorbcn.com\/wp-content\/uploads\/2021\/04\/bala-vibradora.webp","width":800,"height":800,"caption":"Bala vibradora vers\u00e0til"},{"@type":"BreadcrumbList","@id":"https:\/\/luxorbcn.com\/ca\/amenities\/bala-vibradora\/#breadcrumb","itemListElement":[{"@type":"ListItem","position":1,"name":"Portada","item":"https:\/\/luxorbcn.com\/ca\/"},{"@type":"ListItem","position":2,"name":"Amenities Love Rooms","item":"https:\/\/luxorbcn.com\/amenities\/"},{"@type":"ListItem","position":3,"name":"Bala vibradora"}]},{"@type":"WebSite","@id":"https:\/\/luxorbcn.com\/ca\/#website","url":"https:\/\/luxorbcn.com\/ca\/","name":"Luxor Barcelona","description":"Hotel por horas en Barcelona","potentialAction":[{"@type":"SearchAction","target":{"@type":"EntryPoint","urlTemplate":"https:\/\/luxorbcn.com\/ca\/?s={search_term_string}"},"query-input":{"@type":"PropertyValueSpecification","valueRequired":true,"valueName":"search_term_string"}}],"inLanguage":"ca"}]}},"_links":{"self":[{"href":"https:\/\/luxorbcn.com\/ca\/wp-json\/wp\/v2\/product\/1240","targetHints":{"allow":["GET"]}}],"collection":[{"href":"https:\/\/luxorbcn.com\/ca\/wp-json\/wp\/v2\/product"}],"about":[{"href":"https:\/\/luxorbcn.com\/ca\/wp-json\/wp\/v2\/types\/product"}],"version-history":[{"count":3,"href":"https:\/\/luxorbcn.com\/ca\/wp-json\/wp\/v2\/product\/1240\/revisions"}],"predecessor-version":[{"id":5666,"href":"https:\/\/luxorbcn.com\/ca\/wp-json\/wp\/v2\/product\/1240\/revisions\/5666"}],"wp:featuredmedia":[{"embeddable":true,"href":"https:\/\/luxorbcn.com\/ca\/wp-json\/wp\/v2\/media\/5669"}],"wp:attachment":[{"href":"https:\/\/luxorbcn.com\/ca\/wp-json\/wp\/v2\/media?parent=1240"}],"wp:term":[{"taxonomy":"product_brand","embeddable":true,"href":"https:\/\/luxorbcn.com\/ca\/wp-json\/wp\/v2\/product_brand?post=1240"},{"taxonomy":"product_cat","embeddable":true,"href":"https:\/\/luxorbcn.com\/ca\/wp-json\/wp\/v2\/product_cat?post=1240"},{"taxonomy":"product_tag","embeddable":true,"href":"https:\/\/luxorbcn.com\/ca\/wp-json\/wp\/v2\/product_tag?post=1240"}],"curies":[{"name":"wp","href":"https:\/\/api.w.org\/{rel}","templated":true}]}}