{"id":1225,"date":"2021-04-10T06:51:49","date_gmt":"2021-04-10T06:51:49","guid":{"rendered":"https:\/\/luxorbcn.com\/amenities\/pluma-marabu\/"},"modified":"2025-12-29T11:25:17","modified_gmt":"2025-12-29T11:25:17","slug":"ploma-marabu","status":"publish","type":"product","link":"https:\/\/luxorbcn.com\/ca\/amenities\/ploma-marabu\/","title":{"rendered":"Ploma Marab\u00fa"},"content":{"rendered":"<p>Pluma natural de marab\u00fa. Terminaci\u00f3n con brillante. Pluma roja\/negra de 13\/18cm<\/p>\n","protected":false},"excerpt":{"rendered":"<p>Pluma natural de marab\u00fa. Terminaci\u00f3n con brillante. Pluma roja\/negra de 13\/18cm<\/p>\n","protected":false},"featured_media":1224,"template":"","meta":{"_acf_changed":false},"product_brand":[],"product_cat":[37],"product_tag":[],"class_list":{"0":"post-1225","1":"product","2":"type-product","3":"status-publish","4":"has-post-thumbnail","6":"product_cat-joguines-erotiques","8":"first","9":"instock","10":"shipping-taxable","11":"purchasable","12":"product-type-simple"},"acf":[],"yoast_head":"<!-- This site is optimized with the Yoast SEO plugin v27.4 - https:\/\/yoast.com\/product\/yoast-seo-wordpress\/ -->\n<title>Ploma Marab\u00fa &#187; Luxor Barcelona<\/title>\n<meta name=\"robots\" content=\"index, follow, max-snippet:-1, max-image-preview:large, max-video-preview:-1\" \/>\n<link rel=\"canonical\" href=\"https:\/\/luxorbcn.com\/ca\/amenities\/ploma-marabu\/\" \/>\n<meta property=\"og:locale\" content=\"ca_ES\" \/>\n<meta property=\"og:type\" content=\"article\" \/>\n<meta property=\"og:title\" content=\"Ploma Marab\u00fa &#187; Luxor Barcelona\" \/>\n<meta property=\"og:description\" content=\"Pluma natural de marab\u00fa. Terminaci\u00f3n con brillante. Pluma roja\/negra de 13\/18cm\" \/>\n<meta property=\"og:url\" content=\"https:\/\/luxorbcn.com\/ca\/amenities\/ploma-marabu\/\" \/>\n<meta property=\"og:site_name\" content=\"Luxor Barcelona\" \/>\n<meta property=\"article:modified_time\" content=\"2025-12-29T11:25:17+00:00\" \/>\n<meta property=\"og:image\" content=\"https:\/\/luxorbcn.com\/wp-content\/uploads\/2021\/04\/Plumas.jpg\" \/>\n\t<meta property=\"og:image:width\" content=\"265\" \/>\n\t<meta property=\"og:image:height\" content=\"265\" \/>\n\t<meta property=\"og:image:type\" content=\"image\/jpeg\" \/>\n<meta name=\"twitter:card\" content=\"summary_large_image\" \/>\n<meta name=\"twitter:label1\" content=\"Temps estimat de lectura\" \/>\n\t<meta name=\"twitter:data1\" content=\"1 minut\" \/>\n<script type=\"application\/ld+json\" class=\"yoast-schema-graph\">{\"@context\":\"https:\\\/\\\/schema.org\",\"@graph\":[{\"@type\":\"WebPage\",\"@id\":\"https:\\\/\\\/luxorbcn.com\\\/ca\\\/amenities\\\/ploma-marabu\\\/\",\"url\":\"https:\\\/\\\/luxorbcn.com\\\/ca\\\/amenities\\\/ploma-marabu\\\/\",\"name\":\"Ploma Marab\u00fa &#187; Luxor Barcelona\",\"isPartOf\":{\"@id\":\"https:\\\/\\\/luxorbcn.com\\\/ca\\\/#website\"},\"primaryImageOfPage\":{\"@id\":\"https:\\\/\\\/luxorbcn.com\\\/ca\\\/amenities\\\/ploma-marabu\\\/#primaryimage\"},\"image\":{\"@id\":\"https:\\\/\\\/luxorbcn.com\\\/ca\\\/amenities\\\/ploma-marabu\\\/#primaryimage\"},\"thumbnailUrl\":\"https:\\\/\\\/luxorbcn.com\\\/wp-content\\\/uploads\\\/2021\\\/04\\\/Plumas.jpg\",\"datePublished\":\"2021-04-10T06:51:49+00:00\",\"dateModified\":\"2025-12-29T11:25:17+00:00\",\"breadcrumb\":{\"@id\":\"https:\\\/\\\/luxorbcn.com\\\/ca\\\/amenities\\\/ploma-marabu\\\/#breadcrumb\"},\"inLanguage\":\"ca\",\"potentialAction\":[{\"@type\":\"ReadAction\",\"target\":[\"https:\\\/\\\/luxorbcn.com\\\/ca\\\/amenities\\\/ploma-marabu\\\/\"]}]},{\"@type\":\"ImageObject\",\"inLanguage\":\"ca\",\"@id\":\"https:\\\/\\\/luxorbcn.com\\\/ca\\\/amenities\\\/ploma-marabu\\\/#primaryimage\",\"url\":\"https:\\\/\\\/luxorbcn.com\\\/wp-content\\\/uploads\\\/2021\\\/04\\\/Plumas.jpg\",\"contentUrl\":\"https:\\\/\\\/luxorbcn.com\\\/wp-content\\\/uploads\\\/2021\\\/04\\\/Plumas.jpg\",\"width\":265,\"height\":265,\"caption\":\"Plumas de Marab\u00fa\"},{\"@type\":\"BreadcrumbList\",\"@id\":\"https:\\\/\\\/luxorbcn.com\\\/ca\\\/amenities\\\/ploma-marabu\\\/#breadcrumb\",\"itemListElement\":[{\"@type\":\"ListItem\",\"position\":1,\"name\":\"Portada\",\"item\":\"https:\\\/\\\/luxorbcn.com\\\/ca\\\/\"},{\"@type\":\"ListItem\",\"position\":2,\"name\":\"Amenities Love Rooms\",\"item\":\"https:\\\/\\\/luxorbcn.com\\\/amenities\\\/\"},{\"@type\":\"ListItem\",\"position\":3,\"name\":\"Ploma Marab\u00fa\"}]},{\"@type\":\"WebSite\",\"@id\":\"https:\\\/\\\/luxorbcn.com\\\/ca\\\/#website\",\"url\":\"https:\\\/\\\/luxorbcn.com\\\/ca\\\/\",\"name\":\"Luxor Barcelona\",\"description\":\"Hotel por horas en Barcelona\",\"potentialAction\":[{\"@type\":\"SearchAction\",\"target\":{\"@type\":\"EntryPoint\",\"urlTemplate\":\"https:\\\/\\\/luxorbcn.com\\\/ca\\\/?s={search_term_string}\"},\"query-input\":{\"@type\":\"PropertyValueSpecification\",\"valueRequired\":true,\"valueName\":\"search_term_string\"}}],\"inLanguage\":\"ca\"}]}<\/script>\n<!-- \/ Yoast SEO plugin. -->","yoast_head_json":{"title":"Ploma Marab\u00fa &#187; Luxor Barcelona","robots":{"index":"index","follow":"follow","max-snippet":"max-snippet:-1","max-image-preview":"max-image-preview:large","max-video-preview":"max-video-preview:-1"},"canonical":"https:\/\/luxorbcn.com\/ca\/amenities\/ploma-marabu\/","og_locale":"ca_ES","og_type":"article","og_title":"Ploma Marab\u00fa &#187; Luxor Barcelona","og_description":"Pluma natural de marab\u00fa. Terminaci\u00f3n con brillante. Pluma roja\/negra de 13\/18cm","og_url":"https:\/\/luxorbcn.com\/ca\/amenities\/ploma-marabu\/","og_site_name":"Luxor Barcelona","article_modified_time":"2025-12-29T11:25:17+00:00","og_image":[{"width":265,"height":265,"url":"https:\/\/luxorbcn.com\/wp-content\/uploads\/2021\/04\/Plumas.jpg","type":"image\/jpeg"}],"twitter_card":"summary_large_image","twitter_misc":{"Temps estimat de lectura":"1 minut"},"schema":{"@context":"https:\/\/schema.org","@graph":[{"@type":"WebPage","@id":"https:\/\/luxorbcn.com\/ca\/amenities\/ploma-marabu\/","url":"https:\/\/luxorbcn.com\/ca\/amenities\/ploma-marabu\/","name":"Ploma Marab\u00fa &#187; Luxor Barcelona","isPartOf":{"@id":"https:\/\/luxorbcn.com\/ca\/#website"},"primaryImageOfPage":{"@id":"https:\/\/luxorbcn.com\/ca\/amenities\/ploma-marabu\/#primaryimage"},"image":{"@id":"https:\/\/luxorbcn.com\/ca\/amenities\/ploma-marabu\/#primaryimage"},"thumbnailUrl":"https:\/\/luxorbcn.com\/wp-content\/uploads\/2021\/04\/Plumas.jpg","datePublished":"2021-04-10T06:51:49+00:00","dateModified":"2025-12-29T11:25:17+00:00","breadcrumb":{"@id":"https:\/\/luxorbcn.com\/ca\/amenities\/ploma-marabu\/#breadcrumb"},"inLanguage":"ca","potentialAction":[{"@type":"ReadAction","target":["https:\/\/luxorbcn.com\/ca\/amenities\/ploma-marabu\/"]}]},{"@type":"ImageObject","inLanguage":"ca","@id":"https:\/\/luxorbcn.com\/ca\/amenities\/ploma-marabu\/#primaryimage","url":"https:\/\/luxorbcn.com\/wp-content\/uploads\/2021\/04\/Plumas.jpg","contentUrl":"https:\/\/luxorbcn.com\/wp-content\/uploads\/2021\/04\/Plumas.jpg","width":265,"height":265,"caption":"Plumas de Marab\u00fa"},{"@type":"BreadcrumbList","@id":"https:\/\/luxorbcn.com\/ca\/amenities\/ploma-marabu\/#breadcrumb","itemListElement":[{"@type":"ListItem","position":1,"name":"Portada","item":"https:\/\/luxorbcn.com\/ca\/"},{"@type":"ListItem","position":2,"name":"Amenities Love Rooms","item":"https:\/\/luxorbcn.com\/amenities\/"},{"@type":"ListItem","position":3,"name":"Ploma Marab\u00fa"}]},{"@type":"WebSite","@id":"https:\/\/luxorbcn.com\/ca\/#website","url":"https:\/\/luxorbcn.com\/ca\/","name":"Luxor Barcelona","description":"Hotel por horas en Barcelona","potentialAction":[{"@type":"SearchAction","target":{"@type":"EntryPoint","urlTemplate":"https:\/\/luxorbcn.com\/ca\/?s={search_term_string}"},"query-input":{"@type":"PropertyValueSpecification","valueRequired":true,"valueName":"search_term_string"}}],"inLanguage":"ca"}]}},"_links":{"self":[{"href":"https:\/\/luxorbcn.com\/ca\/wp-json\/wp\/v2\/product\/1225","targetHints":{"allow":["GET"]}}],"collection":[{"href":"https:\/\/luxorbcn.com\/ca\/wp-json\/wp\/v2\/product"}],"about":[{"href":"https:\/\/luxorbcn.com\/ca\/wp-json\/wp\/v2\/types\/product"}],"version-history":[{"count":1,"href":"https:\/\/luxorbcn.com\/ca\/wp-json\/wp\/v2\/product\/1225\/revisions"}],"predecessor-version":[{"id":5388,"href":"https:\/\/luxorbcn.com\/ca\/wp-json\/wp\/v2\/product\/1225\/revisions\/5388"}],"wp:featuredmedia":[{"embeddable":true,"href":"https:\/\/luxorbcn.com\/ca\/wp-json\/wp\/v2\/media\/1224"}],"wp:attachment":[{"href":"https:\/\/luxorbcn.com\/ca\/wp-json\/wp\/v2\/media?parent=1225"}],"wp:term":[{"taxonomy":"product_brand","embeddable":true,"href":"https:\/\/luxorbcn.com\/ca\/wp-json\/wp\/v2\/product_brand?post=1225"},{"taxonomy":"product_cat","embeddable":true,"href":"https:\/\/luxorbcn.com\/ca\/wp-json\/wp\/v2\/product_cat?post=1225"},{"taxonomy":"product_tag","embeddable":true,"href":"https:\/\/luxorbcn.com\/ca\/wp-json\/wp\/v2\/product_tag?post=1225"}],"curies":[{"name":"wp","href":"https:\/\/api.w.org\/{rel}","templated":true}]}}