{"id":1206,"date":"2021-04-09T18:53:30","date_gmt":"2021-04-09T18:53:30","guid":{"rendered":"https:\/\/luxorbcn.com\/amenities\/espuma-de-bano\/"},"modified":"2025-12-29T11:30:32","modified_gmt":"2025-12-29T11:30:32","slug":"escumes-de-bany","status":"publish","type":"product","link":"https:\/\/luxorbcn.com\/ca\/amenities\/escumes-de-bany\/","title":{"rendered":"Escumes de bany"},"content":{"rendered":"<p>Si quieres darte un ba\u00f1o relajante te recomendamos nuestra espuma de ba\u00f1o para la ba\u00f1era de hidromasaje.<\/p>\n","protected":false},"excerpt":{"rendered":"<p>Si quieres darte un ba\u00f1o relajante te recomendamos nuestra espuma de ba\u00f1o para la ba\u00f1era de hidromasaje.<\/p>\n","protected":false},"featured_media":1205,"template":"","meta":{"_acf_changed":false},"product_brand":[],"product_cat":[42],"product_tag":[],"class_list":{"0":"post-1206","1":"product","2":"type-product","3":"status-publish","4":"has-post-thumbnail","6":"product_cat-sals-i-escumes-de-bany","8":"first","9":"instock","10":"shipping-taxable","11":"purchasable","12":"product-type-simple"},"acf":[],"_links":{"self":[{"href":"https:\/\/luxorbcn.com\/ca\/wp-json\/wp\/v2\/product\/1206","targetHints":{"allow":["GET"]}}],"collection":[{"href":"https:\/\/luxorbcn.com\/ca\/wp-json\/wp\/v2\/product"}],"about":[{"href":"https:\/\/luxorbcn.com\/ca\/wp-json\/wp\/v2\/types\/product"}],"version-history":[{"count":1,"href":"https:\/\/luxorbcn.com\/ca\/wp-json\/wp\/v2\/product\/1206\/revisions"}],"predecessor-version":[{"id":5397,"href":"https:\/\/luxorbcn.com\/ca\/wp-json\/wp\/v2\/product\/1206\/revisions\/5397"}],"wp:featuredmedia":[{"embeddable":true,"href":"https:\/\/luxorbcn.com\/ca\/wp-json\/wp\/v2\/media\/1205"}],"wp:attachment":[{"href":"https:\/\/luxorbcn.com\/ca\/wp-json\/wp\/v2\/media?parent=1206"}],"wp:term":[{"taxonomy":"product_brand","embeddable":true,"href":"https:\/\/luxorbcn.com\/ca\/wp-json\/wp\/v2\/product_brand?post=1206"},{"taxonomy":"product_cat","embeddable":true,"href":"https:\/\/luxorbcn.com\/ca\/wp-json\/wp\/v2\/product_cat?post=1206"},{"taxonomy":"product_tag","embeddable":true,"href":"https:\/\/luxorbcn.com\/ca\/wp-json\/wp\/v2\/product_tag?post=1206"}],"curies":[{"name":"wp","href":"https:\/\/api.w.org\/{rel}","templated":true}]}}