{"id":2956,"date":"2021-06-22T08:51:38","date_gmt":"2021-06-22T08:51:38","guid":{"rendered":"https:\/\/luxorbcn.com\/blog\/"},"modified":"2022-03-28T10:54:21","modified_gmt":"2022-03-28T10:54:21","slug":"blog","status":"publish","type":"page","link":"https:\/\/luxorbcn.com\/ca\/blog\/","title":{"rendered":"Blog"},"content":{"rendered":"\t\t<div data-elementor-type=\"wp-page\" data-elementor-id=\"2956\" class=\"elementor elementor-2956 elementor-2043\" data-elementor-post-type=\"page\">\n\t\t\t\t\t\t<section class=\"elementor-section elementor-top-section elementor-element elementor-element-9b64325 elementor-section-boxed elementor-section-height-default elementor-section-height-default\" data-id=\"9b64325\" data-element_type=\"section\">\n\t\t\t\t\t\t<div class=\"elementor-container elementor-column-gap-default\">\n\t\t\t\t\t<div class=\"elementor-column elementor-col-100 elementor-top-column elementor-element elementor-element-b9195b4\" data-id=\"b9195b4\" data-element_type=\"column\">\n\t\t\t<div class=\"elementor-widget-wrap elementor-element-populated\">\n\t\t\t\t\t\t<div class=\"elementor-element elementor-element-a29b237 elementor-widget elementor-widget-heading\" data-id=\"a29b237\" data-element_type=\"widget\" data-widget_type=\"heading.default\">\n\t\t\t\t<div class=\"elementor-widget-container\">\n\t\t\t\t\t<h1 class=\"elementor-heading-title elementor-size-default\">Blog Luxor Barcelona Love Rooms<\/h1>\t\t\t\t<\/div>\n\t\t\t\t<\/div>\n\t\t\t\t\t<\/div>\n\t\t<\/div>\n\t\t\t\t\t<\/div>\n\t\t<\/section>\n\t\t\t\t<section class=\"elementor-section elementor-top-section elementor-element elementor-element-1285229 elementor-section-boxed elementor-section-height-default elementor-section-height-default\" data-id=\"1285229\" data-element_type=\"section\">\n\t\t\t\t\t\t<div class=\"elementor-container elementor-column-gap-default\">\n\t\t\t\t\t<div class=\"elementor-column elementor-col-100 elementor-top-column elementor-element elementor-element-5a5ad2e\" data-id=\"5a5ad2e\" data-element_type=\"column\">\n\t\t\t<div class=\"elementor-widget-wrap elementor-element-populated\">\n\t\t\t\t\t\t<div class=\"elementor-element elementor-element-42d1d21 elementor-grid-3 elementor-grid-tablet-2 elementor-grid-mobile-1 elementor-posts--thumbnail-top elementor-widget elementor-widget-posts\" data-id=\"42d1d21\" data-element_type=\"widget\" data-settings=\"{&quot;pagination_type&quot;:&quot;load_more_infinite_scroll&quot;,&quot;classic_columns&quot;:&quot;3&quot;,&quot;classic_columns_tablet&quot;:&quot;2&quot;,&quot;classic_columns_mobile&quot;:&quot;1&quot;,&quot;classic_row_gap&quot;:{&quot;unit&quot;:&quot;px&quot;,&quot;size&quot;:35,&quot;sizes&quot;:[]},&quot;classic_row_gap_tablet&quot;:{&quot;unit&quot;:&quot;px&quot;,&quot;size&quot;:&quot;&quot;,&quot;sizes&quot;:[]},&quot;classic_row_gap_mobile&quot;:{&quot;unit&quot;:&quot;px&quot;,&quot;size&quot;:&quot;&quot;,&quot;sizes&quot;:[]},&quot;load_more_spinner&quot;:{&quot;value&quot;:&quot;fas fa-spinner&quot;,&quot;library&quot;:&quot;fa-solid&quot;}}\" data-widget_type=\"posts.classic\">\n\t\t\t\t<div class=\"elementor-widget-container\">\n\t\t\t\t\t\t\t<div class=\"elementor-posts-container elementor-posts elementor-posts--skin-classic elementor-grid\" role=\"list\">\n\t\t\t\t<article class=\"elementor-post elementor-grid-item post-4612 post type-post status-publish format-standard has-post-thumbnail hentry category-sense-categoria\" role=\"listitem\">\n\t\t\t\t<a class=\"elementor-post__thumbnail__link\" href=\"https:\/\/luxorbcn.com\/ca\/disfrazarse-es-sexy\/\" tabindex=\"-1\" >\n\t\t\t<div class=\"elementor-post__thumbnail\"><img fetchpriority=\"high\" decoding=\"async\" width=\"300\" height=\"204\" src=\"https:\/\/luxorbcn.com\/wp-content\/uploads\/2023\/09\/Captura-de-pantalla-2023-09-22-151142-300x204.png\" class=\"attachment-medium size-medium wp-image-3836\" alt=\"\" srcset=\"https:\/\/luxorbcn.com\/wp-content\/uploads\/2023\/09\/Captura-de-pantalla-2023-09-22-151142-300x204.png 300w, https:\/\/luxorbcn.com\/wp-content\/uploads\/2023\/09\/Captura-de-pantalla-2023-09-22-151142-768x521.png 768w, https:\/\/luxorbcn.com\/wp-content\/uploads\/2023\/09\/Captura-de-pantalla-2023-09-22-151142-600x407.png 600w, https:\/\/luxorbcn.com\/wp-content\/uploads\/2023\/09\/Captura-de-pantalla-2023-09-22-151142.png 977w\" sizes=\"(max-width: 300px) 100vw, 300px\" \/><\/div>\n\t\t<\/a>\n\t\t\t\t<div class=\"elementor-post__text\">\n\t\t\t\t<h2 class=\"elementor-post__title\">\n\t\t\t<a href=\"https:\/\/luxorbcn.com\/ca\/disfrazarse-es-sexy\/\" >\n\t\t\t\tDisfrazarse es sexy\t\t\t<\/a>\n\t\t<\/h2>\n\t\t\t\t<div class=\"elementor-post__excerpt\">\n\t\t\t<p>Disfressar-se \u00e9s Sexy Disfressar-se en parella \u00e9s una manera divertida i excitant d&#8217;explorar noves facetes en larelaci\u00f3, especialment en dates com Carnaval o Halloween. Adoptar rols diferents<\/p>\n\t\t<\/div>\n\t\t\t\t<\/div>\n\t\t\t\t<\/article>\n\t\t\t\t<article class=\"elementor-post elementor-grid-item post-4613 post type-post status-publish format-standard has-post-thumbnail hentry category-sense-categoria\" role=\"listitem\">\n\t\t\t\t<a class=\"elementor-post__thumbnail__link\" href=\"https:\/\/luxorbcn.com\/ca\/autoestima-y-sexo\/\" tabindex=\"-1\" >\n\t\t\t<div class=\"elementor-post__thumbnail\"><img decoding=\"async\" width=\"300\" height=\"133\" src=\"https:\/\/luxorbcn.com\/wp-content\/uploads\/2023\/10\/Captura-de-pantalla-2023-10-20-141650-300x133.png\" class=\"attachment-medium size-medium wp-image-3913\" alt=\"\" srcset=\"https:\/\/luxorbcn.com\/wp-content\/uploads\/2023\/10\/Captura-de-pantalla-2023-10-20-141650-300x133.png 300w, https:\/\/luxorbcn.com\/wp-content\/uploads\/2023\/10\/Captura-de-pantalla-2023-10-20-141650-768x340.png 768w, https:\/\/luxorbcn.com\/wp-content\/uploads\/2023\/10\/Captura-de-pantalla-2023-10-20-141650-600x265.png 600w, https:\/\/luxorbcn.com\/wp-content\/uploads\/2023\/10\/Captura-de-pantalla-2023-10-20-141650.png 981w\" sizes=\"(max-width: 300px) 100vw, 300px\" \/><\/div>\n\t\t<\/a>\n\t\t\t\t<div class=\"elementor-post__text\">\n\t\t\t\t<h2 class=\"elementor-post__title\">\n\t\t\t<a href=\"https:\/\/luxorbcn.com\/ca\/autoestima-y-sexo\/\" >\n\t\t\t\tAutoestima y Sexo\t\t\t<\/a>\n\t\t<\/h2>\n\t\t\t\t<div class=\"elementor-post__excerpt\">\n\t\t\t<p>Autoestima y Sexo Quan ens sentim b\u00e9 amb nosaltres mateixos, augmenta la nostra confian\u00e7a en tots elsaspectes de la vida, inclosa la vida \u00edntima. En aquesta guia<\/p>\n\t\t<\/div>\n\t\t\t\t<\/div>\n\t\t\t\t<\/article>\n\t\t\t\t<article class=\"elementor-post elementor-grid-item post-4614 post type-post status-publish format-standard has-post-thumbnail hentry category-sense-categoria\" role=\"listitem\">\n\t\t\t\t<a class=\"elementor-post__thumbnail__link\" href=\"https:\/\/luxorbcn.com\/ca\/placer-y-productividad-una-relacion-beneficiosa\/\" tabindex=\"-1\" >\n\t\t\t<div class=\"elementor-post__thumbnail\"><img decoding=\"async\" width=\"300\" height=\"200\" src=\"https:\/\/luxorbcn.com\/wp-content\/uploads\/2024\/09\/33922-300x200.jpg\" class=\"attachment-medium size-medium wp-image-4444\" alt=\"\" srcset=\"https:\/\/luxorbcn.com\/wp-content\/uploads\/2024\/09\/33922-300x200.jpg 300w, https:\/\/luxorbcn.com\/wp-content\/uploads\/2024\/09\/33922-768x512.jpg 768w, https:\/\/luxorbcn.com\/wp-content\/uploads\/2024\/09\/33922-600x400.jpg 600w, https:\/\/luxorbcn.com\/wp-content\/uploads\/2024\/09\/33922.jpg 1000w\" sizes=\"(max-width: 300px) 100vw, 300px\" \/><\/div>\n\t\t<\/a>\n\t\t\t\t<div class=\"elementor-post__text\">\n\t\t\t\t<h2 class=\"elementor-post__title\">\n\t\t\t<a href=\"https:\/\/luxorbcn.com\/ca\/placer-y-productividad-una-relacion-beneficiosa\/\" >\n\t\t\t\tPlacer y Productividad: Una Relaci\u00f3n Beneficiosa\t\t\t<\/a>\n\t\t<\/h2>\n\t\t\t\t<div class=\"elementor-post__excerpt\">\n\t\t\t<p>Plaer i Productivitat. UnaRelaci\u00f3 Beneficiosa El plaer, en les seves diferents formes, pot millorar la productivitat en molts aspectes de lavida, incl\u00f2s el treball. Els beneficis derivats<\/p>\n\t\t<\/div>\n\t\t\t\t<\/div>\n\t\t\t\t<\/article>\n\t\t\t\t<article class=\"elementor-post elementor-grid-item post-4615 post type-post status-publish format-standard has-post-thumbnail hentry category-sense-categoria\" role=\"listitem\">\n\t\t\t\t<a class=\"elementor-post__thumbnail__link\" href=\"https:\/\/luxorbcn.com\/ca\/beneficios-y-mitos-de-la-masturbacion\/\" tabindex=\"-1\" >\n\t\t\t<div class=\"elementor-post__thumbnail\"><img loading=\"lazy\" decoding=\"async\" width=\"300\" height=\"200\" src=\"https:\/\/luxorbcn.com\/wp-content\/uploads\/2024\/09\/2149352516-300x200.jpg\" class=\"attachment-medium size-medium wp-image-4431\" alt=\"\" srcset=\"https:\/\/luxorbcn.com\/wp-content\/uploads\/2024\/09\/2149352516-300x200.jpg 300w, https:\/\/luxorbcn.com\/wp-content\/uploads\/2024\/09\/2149352516-768x513.jpg 768w, https:\/\/luxorbcn.com\/wp-content\/uploads\/2024\/09\/2149352516-600x401.jpg 600w, https:\/\/luxorbcn.com\/wp-content\/uploads\/2024\/09\/2149352516.jpg 1000w\" sizes=\"(max-width: 300px) 100vw, 300px\" \/><\/div>\n\t\t<\/a>\n\t\t\t\t<div class=\"elementor-post__text\">\n\t\t\t\t<h2 class=\"elementor-post__title\">\n\t\t\t<a href=\"https:\/\/luxorbcn.com\/ca\/beneficios-y-mitos-de-la-masturbacion\/\" >\n\t\t\t\tBeneficios y Mitos de la Masturbaci\u00f3n\t\t\t<\/a>\n\t\t<\/h2>\n\t\t\t\t<div class=\"elementor-post__excerpt\">\n\t\t\t<p>Beneficis i Mites de la Masturbaci\u00f3 La masturbaci\u00f3 \u00e9s una pr\u00e0ctica natural que aporta m\u00faltiples beneficis a la salut sexual iemocional, tot i que encara est\u00e0 envoltada<\/p>\n\t\t<\/div>\n\t\t\t\t<\/div>\n\t\t\t\t<\/article>\n\t\t\t\t<article class=\"elementor-post elementor-grid-item post-4452 post type-post status-publish format-standard has-post-thumbnail hentry category-sense-categoria\" role=\"listitem\">\n\t\t\t\t<a class=\"elementor-post__thumbnail__link\" href=\"https:\/\/luxorbcn.com\/ca\/experiencias-sensoriales-para-parejas-en-barcelona\/\" tabindex=\"-1\" >\n\t\t\t<div class=\"elementor-post__thumbnail\"><img loading=\"lazy\" decoding=\"async\" width=\"300\" height=\"209\" src=\"https:\/\/luxorbcn.com\/wp-content\/uploads\/2021\/11\/como-romper-rutina-pareja-300x209.jpg\" class=\"attachment-medium size-medium wp-image-2647\" alt=\"c\u00f3mo romper la rutina\" srcset=\"https:\/\/luxorbcn.com\/wp-content\/uploads\/2021\/11\/como-romper-rutina-pareja-300x209.jpg 300w, https:\/\/luxorbcn.com\/wp-content\/uploads\/2021\/11\/como-romper-rutina-pareja-768x535.jpg 768w, https:\/\/luxorbcn.com\/wp-content\/uploads\/2021\/11\/como-romper-rutina-pareja-600x418.jpg 600w, https:\/\/luxorbcn.com\/wp-content\/uploads\/2021\/11\/como-romper-rutina-pareja.jpg 1000w\" sizes=\"(max-width: 300px) 100vw, 300px\" \/><\/div>\n\t\t<\/a>\n\t\t\t\t<div class=\"elementor-post__text\">\n\t\t\t\t<h2 class=\"elementor-post__title\">\n\t\t\t<a href=\"https:\/\/luxorbcn.com\/ca\/experiencias-sensoriales-para-parejas-en-barcelona\/\" >\n\t\t\t\tExperiencias Sensoriales para Parejas en Barcelona\t\t\t<\/a>\n\t\t<\/h2>\n\t\t\t\t<div class=\"elementor-post__excerpt\">\n\t\t\t<p>Experi\u00e8ncies Sensorials per Parelles a Barcelona Barcelona \u00e9s una ciutat que estimula els sentits a cada pas. Des de la seva vibrant escena culin\u00e0ria fins a la<\/p>\n\t\t<\/div>\n\t\t\t\t<\/div>\n\t\t\t\t<\/article>\n\t\t\t\t<article class=\"elementor-post elementor-grid-item post-4616 post type-post status-publish format-standard has-post-thumbnail hentry category-sense-categoria\" role=\"listitem\">\n\t\t\t\t<a class=\"elementor-post__thumbnail__link\" href=\"https:\/\/luxorbcn.com\/ca\/consejos-para-sorprender-a-tu-pareja-en-barcelona\/\" tabindex=\"-1\" >\n\t\t\t<div class=\"elementor-post__thumbnail\"><img loading=\"lazy\" decoding=\"async\" width=\"300\" height=\"200\" src=\"https:\/\/luxorbcn.com\/wp-content\/uploads\/2022\/11\/hotel-romantico-barcelona-300x200.webp\" class=\"attachment-medium size-medium wp-image-3278\" alt=\"Hotel rom\u00e1ntico en Barcelona\" srcset=\"https:\/\/luxorbcn.com\/wp-content\/uploads\/2022\/11\/hotel-romantico-barcelona-300x200.webp 300w, https:\/\/luxorbcn.com\/wp-content\/uploads\/2022\/11\/hotel-romantico-barcelona-768x512.webp 768w, https:\/\/luxorbcn.com\/wp-content\/uploads\/2022\/11\/hotel-romantico-barcelona-600x400.webp 600w, https:\/\/luxorbcn.com\/wp-content\/uploads\/2022\/11\/hotel-romantico-barcelona.webp 900w\" sizes=\"(max-width: 300px) 100vw, 300px\" \/><\/div>\n\t\t<\/a>\n\t\t\t\t<div class=\"elementor-post__text\">\n\t\t\t\t<h2 class=\"elementor-post__title\">\n\t\t\t<a href=\"https:\/\/luxorbcn.com\/ca\/consejos-para-sorprender-a-tu-pareja-en-barcelona\/\" >\n\t\t\t\tConsejos para Sorprender a tu Pareja en Barcelona\t\t\t<\/a>\n\t\t<\/h2>\n\t\t\t\t<div class=\"elementor-post__excerpt\">\n\t\t\t<p>Difer\u00e8ncies entre tenir sexe i fer l&#8217;amor Barcelona, amb la seva barreja d\u2019hist\u00f2ria, cultura i modernitat, \u00e9s l\u2019escenari perfecte per a unaescapada rom\u00e0ntica. Si est\u00e0s planejant sorprendre<\/p>\n\t\t<\/div>\n\t\t\t\t<\/div>\n\t\t\t\t<\/article>\n\t\t\t\t<\/div>\n\t\t\t\t\t<span class=\"e-load-more-spinner\">\n\t\t\t\t<svg aria-hidden=\"true\" class=\"e-font-icon-svg e-fas-spinner\" viewBox=\"0 0 512 512\" xmlns=\"http:\/\/www.w3.org\/2000\/svg\"><path d=\"M304 48c0 26.51-21.49 48-48 48s-48-21.49-48-48 21.49-48 48-48 48 21.49 48 48zm-48 368c-26.51 0-48 21.49-48 48s21.49 48 48 48 48-21.49 48-48-21.49-48-48-48zm208-208c-26.51 0-48 21.49-48 48s21.49 48 48 48 48-21.49 48-48-21.49-48-48-48zM96 256c0-26.51-21.49-48-48-48S0 229.49 0 256s21.49 48 48 48 48-21.49 48-48zm12.922 99.078c-26.51 0-48 21.49-48 48s21.49 48 48 48 48-21.49 48-48c0-26.509-21.491-48-48-48zm294.156 0c-26.51 0-48 21.49-48 48s21.49 48 48 48 48-21.49 48-48c0-26.509-21.49-48-48-48zM108.922 60.922c-26.51 0-48 21.49-48 48s21.49 48 48 48 48-21.49 48-48-21.491-48-48-48z\"><\/path><\/svg>\t\t\t<\/span>\n\t\t\n\t\t\t\t<div class=\"e-load-more-anchor\" data-page=\"1\" data-max-page=\"6\" data-next-page=\"https:\/\/luxorbcn.com\/ca\/wp-json\/wp\/v2\/pages\/2956\/page\/2\/\"><\/div>\n\t\t\t\t<div class=\"e-load-more-message\"><\/div>\n\t\t\t\t\t\t<\/div>\n\t\t\t\t<\/div>\n\t\t\t\t\t<\/div>\n\t\t<\/div>\n\t\t\t\t\t<\/div>\n\t\t<\/section>\n\t\t\t\t<\/div>\n\t\t","protected":false},"excerpt":{"rendered":"<p>Blog Luxor Barcelona Love Rooms<\/p>\n","protected":false},"author":1,"featured_media":0,"parent":0,"menu_order":0,"comment_status":"closed","ping_status":"closed","template":"elementor_header_footer","meta":{"_acf_changed":false,"footnotes":""},"class_list":["post-2956","page","type-page","status-publish","hentry"],"acf":[],"_links":{"self":[{"href":"https:\/\/luxorbcn.com\/ca\/wp-json\/wp\/v2\/pages\/2956","targetHints":{"allow":["GET"]}}],"collection":[{"href":"https:\/\/luxorbcn.com\/ca\/wp-json\/wp\/v2\/pages"}],"about":[{"href":"https:\/\/luxorbcn.com\/ca\/wp-json\/wp\/v2\/types\/page"}],"author":[{"embeddable":true,"href":"https:\/\/luxorbcn.com\/ca\/wp-json\/wp\/v2\/users\/1"}],"replies":[{"embeddable":true,"href":"https:\/\/luxorbcn.com\/ca\/wp-json\/wp\/v2\/comments?post=2956"}],"version-history":[{"count":4,"href":"https:\/\/luxorbcn.com\/ca\/wp-json\/wp\/v2\/pages\/2956\/revisions"}],"predecessor-version":[{"id":2960,"href":"https:\/\/luxorbcn.com\/ca\/wp-json\/wp\/v2\/pages\/2956\/revisions\/2960"}],"wp:attachment":[{"href":"https:\/\/luxorbcn.com\/ca\/wp-json\/wp\/v2\/media?parent=2956"}],"curies":[{"name":"wp","href":"https:\/\/api.w.org\/{rel}","templated":true}]}}