{"id":1396,"date":"2021-04-14T15:28:38","date_gmt":"2021-04-14T15:28:38","guid":{"rendered":"https:\/\/luxorbcn.com\/?page_id=1396"},"modified":"2025-03-27T20:04:20","modified_gmt":"2025-03-27T20:04:20","slug":"pagaments","status":"publish","type":"page","link":"https:\/\/luxorbcn.com\/ca\/pagaments\/","title":{"rendered":"Pagaments a Compte"},"content":{"rendered":"\t\t<div data-elementor-type=\"wp-page\" data-elementor-id=\"1396\" class=\"elementor elementor-1396 elementor-652\" data-elementor-post-type=\"page\">\n\t\t\t\t\t\t<section class=\"elementor-section elementor-top-section elementor-element elementor-element-90c20ae elementor-section-full_width elementor-section-height-min-height elementor-section-height-default elementor-section-items-middle\" data-id=\"90c20ae\" data-element_type=\"section\" data-settings=\"{&quot;background_background&quot;:&quot;slideshow&quot;,&quot;background_slideshow_gallery&quot;:[{&quot;id&quot;:4869,&quot;url&quot;:&quot;https:\\\/\\\/luxorbcn.com\\\/wp-content\\\/uploads\\\/2025\\\/03\\\/Habitacion_por_horas_con_vistas_en_Barcelona-1.jpg&quot;},{&quot;id&quot;:4883,&quot;url&quot;:&quot;https:\\\/\\\/luxorbcn.com\\\/wp-content\\\/uploads\\\/2025\\\/03\\\/Hotel_con_cama_redonda_por_horas_en_Barcelona-1.jpg&quot;},{&quot;id&quot;:4859,&quot;url&quot;:&quot;https:\\\/\\\/luxorbcn.com\\\/wp-content\\\/uploads\\\/2025\\\/03\\\/Disfruta_hotel_exclusivo_por_horas_en_Barcelona-1.jpg&quot;},{&quot;id&quot;:4887,&quot;url&quot;:&quot;https:\\\/\\\/luxorbcn.com\\\/wp-content\\\/uploads\\\/2025\\\/03\\\/Hotel_para_parejas_por_horas_Eixample_Barcelona-1.jpg&quot;}],&quot;background_slideshow_ken_burns&quot;:&quot;yes&quot;,&quot;background_slideshow_ken_burns_zoom_direction&quot;:&quot;out&quot;,&quot;background_slideshow_loop&quot;:&quot;yes&quot;,&quot;background_slideshow_slide_duration&quot;:5000,&quot;background_slideshow_slide_transition&quot;:&quot;fade&quot;,&quot;background_slideshow_transition_duration&quot;:500}\">\n\t\t\t\t\t\t\t<div class=\"elementor-background-overlay\"><\/div>\n\t\t\t\t\t\t\t<div class=\"elementor-container elementor-column-gap-default\">\n\t\t\t\t\t<div class=\"elementor-column elementor-col-100 elementor-top-column elementor-element elementor-element-67a92dc\" data-id=\"67a92dc\" data-element_type=\"column\">\n\t\t\t<div class=\"elementor-widget-wrap elementor-element-populated\">\n\t\t\t\t\t\t<div class=\"elementor-element elementor-element-e0d7278 elementor-widget elementor-widget-text-editor\" data-id=\"e0d7278\" data-element_type=\"widget\" data-widget_type=\"text-editor.default\">\n\t\t\t\t<div class=\"elementor-widget-container\">\n\t\t\t\t\t\t\t\t\t<p>BARCELONA LOVE ROOMS<\/p>\t\t\t\t\t\t\t\t<\/div>\n\t\t\t\t<\/div>\n\t\t\t\t<div class=\"elementor-element elementor-element-8592177 elementor-widget elementor-widget-heading\" data-id=\"8592177\" data-element_type=\"widget\" data-widget_type=\"heading.default\">\n\t\t\t\t<div class=\"elementor-widget-container\">\n\t\t\t\t\t<h1 class=\"elementor-heading-title elementor-size-default\">Pagaments <\/h1>\t\t\t\t<\/div>\n\t\t\t\t<\/div>\n\t\t\t\t\t<\/div>\n\t\t<\/div>\n\t\t\t\t\t<\/div>\n\t\t<\/section>\n\t\t\t\t<section class=\"elementor-section elementor-top-section elementor-element elementor-element-58d6a7f7 elementor-section-boxed elementor-section-height-default elementor-section-height-default\" data-id=\"58d6a7f7\" data-element_type=\"section\">\n\t\t\t\t\t\t<div class=\"elementor-container elementor-column-gap-default\">\n\t\t\t\t\t<div class=\"elementor-column elementor-col-100 elementor-top-column elementor-element elementor-element-2836c4d3\" data-id=\"2836c4d3\" data-element_type=\"column\">\n\t\t\t<div class=\"elementor-widget-wrap elementor-element-populated\">\n\t\t\t\t\t\t<div class=\"elementor-element elementor-element-e2cabe0 elementor-widget elementor-widget-spacer\" data-id=\"e2cabe0\" data-element_type=\"widget\" data-widget_type=\"spacer.default\">\n\t\t\t\t<div class=\"elementor-widget-container\">\n\t\t\t\t\t\t\t<div class=\"elementor-spacer\">\n\t\t\t<div class=\"elementor-spacer-inner\"><\/div>\n\t\t<\/div>\n\t\t\t\t\t\t<\/div>\n\t\t\t\t<\/div>\n\t\t\t\t\t<\/div>\n\t\t<\/div>\n\t\t\t\t\t<\/div>\n\t\t<\/section>\n\t\t\t\t<section class=\"elementor-section elementor-top-section elementor-element elementor-element-69a8cb0 elementor-section-boxed elementor-section-height-default elementor-section-height-default\" data-id=\"69a8cb0\" data-element_type=\"section\">\n\t\t\t\t\t\t<div class=\"elementor-container elementor-column-gap-default\">\n\t\t\t\t\t<div class=\"elementor-column elementor-col-100 elementor-top-column elementor-element elementor-element-0c344ae\" data-id=\"0c344ae\" data-element_type=\"column\">\n\t\t\t<div class=\"elementor-widget-wrap elementor-element-populated\">\n\t\t\t\t\t\t<div class=\"elementor-element elementor-element-47ca1fbf elementor-widget elementor-widget-text-editor\" data-id=\"47ca1fbf\" data-element_type=\"widget\" data-widget_type=\"text-editor.default\">\n\t\t\t\t<div class=\"elementor-widget-container\">\n\t\t\t\t\t\t\t\t\t<p>BARCELONA LOVE ROOMS<\/p>\t\t\t\t\t\t\t\t<\/div>\n\t\t\t\t<\/div>\n\t\t\t\t<div class=\"elementor-element elementor-element-88474e2 elementor-widget elementor-widget-heading\" data-id=\"88474e2\" data-element_type=\"widget\" data-widget_type=\"heading.default\">\n\t\t\t\t<div class=\"elementor-widget-container\">\n\t\t\t\t\t<h2 class=\"elementor-heading-title elementor-size-default\">pagaments a compte<\/h2>\t\t\t\t<\/div>\n\t\t\t\t<\/div>\n\t\t\t\t\t<\/div>\n\t\t<\/div>\n\t\t\t\t\t<\/div>\n\t\t<\/section>\n\t\t\t\t<section class=\"elementor-section elementor-top-section elementor-element elementor-element-44646a8d elementor-section-boxed elementor-section-height-default elementor-section-height-default\" data-id=\"44646a8d\" data-element_type=\"section\">\n\t\t\t\t\t\t<div class=\"elementor-container elementor-column-gap-default\">\n\t\t\t\t\t<div class=\"elementor-column elementor-col-50 elementor-top-column elementor-element elementor-element-5b4a1e55 elementor-invisible\" data-id=\"5b4a1e55\" data-element_type=\"column\" data-settings=\"{&quot;background_background&quot;:&quot;classic&quot;,&quot;animation&quot;:&quot;fadeIn&quot;}\">\n\t\t\t<div class=\"elementor-widget-wrap elementor-element-populated\">\n\t\t\t\t\t\t<div class=\"elementor-element elementor-element-04296b2 elementor-arrows-position-inside elementor-pagination-position-outside elementor-widget elementor-widget-image-carousel\" data-id=\"04296b2\" data-element_type=\"widget\" data-settings=\"{&quot;slides_to_show&quot;:&quot;1&quot;,&quot;effect&quot;:&quot;fade&quot;,&quot;navigation&quot;:&quot;both&quot;,&quot;autoplay&quot;:&quot;yes&quot;,&quot;pause_on_hover&quot;:&quot;yes&quot;,&quot;pause_on_interaction&quot;:&quot;yes&quot;,&quot;autoplay_speed&quot;:5000,&quot;infinite&quot;:&quot;yes&quot;,&quot;speed&quot;:500}\" data-widget_type=\"image-carousel.default\">\n\t\t\t\t<div class=\"elementor-widget-container\">\n\t\t\t\t\t\t\t<div class=\"elementor-image-carousel-wrapper swiper\" role=\"region\" aria-roledescription=\"carousel\" aria-label=\"Carrusel d&#039;imatges\" dir=\"ltr\">\n\t\t\t<div class=\"elementor-image-carousel swiper-wrapper swiper-image-stretch\" aria-live=\"off\">\n\t\t\t\t\t\t\t\t<div class=\"swiper-slide\" role=\"group\" aria-roledescription=\"slide\" aria-label=\"1 de 5\"><a data-elementor-open-lightbox=\"yes\" data-elementor-lightbox-slideshow=\"04296b2\" data-elementor-lightbox-title=\"Hotel_para_parejas_por_horas_Eixample_Barcelona\" data-e-action-hash=\"#elementor-action%3Aaction%3Dlightbox%26settings%3DeyJpZCI6NDg4OCwidXJsIjoiaHR0cHM6XC9cL2x1eG9yYmNuLmNvbVwvd3AtY29udGVudFwvdXBsb2Fkc1wvMjAyNVwvMDNcL0hvdGVsX3BhcmFfcGFyZWphc19wb3JfaG9yYXNfRWl4YW1wbGVfQmFyY2Vsb25hLTEuanBnIiwic2xpZGVzaG93IjoiMDQyOTZiMiJ9\" href=\"https:\/\/luxorbcn.com\/wp-content\/uploads\/2025\/03\/Hotel_para_parejas_por_horas_Eixample_Barcelona-1.jpg\"><figure class=\"swiper-slide-inner\"><img decoding=\"async\" class=\"swiper-slide-image\" src=\"https:\/\/luxorbcn.com\/wp-content\/uploads\/elementor\/thumbs\/Hotel_para_parejas_por_horas_Eixample_Barcelona-1-r3hgqaovimfah7ugh7xzhl0cr97hmazxrm09r5ejxs.jpg\" alt=\"Hotel_para_parejas_por_horas_Eixample_Barcelona\" \/><\/figure><\/a><\/div><div class=\"swiper-slide\" role=\"group\" aria-roledescription=\"slide\" aria-label=\"2 de 5\"><a data-elementor-open-lightbox=\"yes\" data-elementor-lightbox-slideshow=\"04296b2\" data-elementor-lightbox-title=\"Hotel_con_cama_redonda_por_horas_en_Barcelona\" data-e-action-hash=\"#elementor-action%3Aaction%3Dlightbox%26settings%3DeyJpZCI6NDg4NCwidXJsIjoiaHR0cHM6XC9cL2x1eG9yYmNuLmNvbVwvd3AtY29udGVudFwvdXBsb2Fkc1wvMjAyNVwvMDNcL0hvdGVsX2Nvbl9jYW1hX3JlZG9uZGFfcG9yX2hvcmFzX2VuX0JhcmNlbG9uYS0xLmpwZyIsInNsaWRlc2hvdyI6IjA0Mjk2YjIifQ%3D%3D\" href=\"https:\/\/luxorbcn.com\/wp-content\/uploads\/2025\/03\/Hotel_con_cama_redonda_por_horas_en_Barcelona-1.jpg\"><figure class=\"swiper-slide-inner\"><img decoding=\"async\" class=\"swiper-slide-image\" src=\"https:\/\/luxorbcn.com\/wp-content\/uploads\/elementor\/thumbs\/Hotel_con_cama_redonda_por_horas_en_Barcelona-1-r3hgq365zy4zwc5dp4oyxmwo068jwq632ksdwxppbk.jpg\" alt=\"Hotel_con_cama_redonda_por_horas_en_Barcelona\" \/><\/figure><\/a><\/div><div class=\"swiper-slide\" role=\"group\" aria-roledescription=\"slide\" aria-label=\"3 de 5\"><a data-elementor-open-lightbox=\"yes\" data-elementor-lightbox-slideshow=\"04296b2\" data-elementor-lightbox-title=\"Disfruta_hotel_exclusivo_por_horas_en_Barcelona\" data-e-action-hash=\"#elementor-action%3Aaction%3Dlightbox%26settings%3DeyJpZCI6NDg2MCwidXJsIjoiaHR0cHM6XC9cL2x1eG9yYmNuLmNvbVwvd3AtY29udGVudFwvdXBsb2Fkc1wvMjAyNVwvMDNcL0Rpc2ZydXRhX2hvdGVsX2V4Y2x1c2l2b19wb3JfaG9yYXNfZW5fQmFyY2Vsb25hLTEuanBnIiwic2xpZGVzaG93IjoiMDQyOTZiMiJ9\" href=\"https:\/\/luxorbcn.com\/wp-content\/uploads\/2025\/03\/Disfruta_hotel_exclusivo_por_horas_en_Barcelona-1.jpg\"><figure class=\"swiper-slide-inner\"><img decoding=\"async\" class=\"swiper-slide-image\" src=\"https:\/\/luxorbcn.com\/wp-content\/uploads\/elementor\/thumbs\/Disfruta_hotel_exclusivo_por_horas_en_Barcelona-1-r3hgojposq12vcdxoypzciwgyftwal1x6yaqllzxio.jpg\" alt=\"Disfruta_hotel_exclusivo_por_horas_en_Barcelona\" \/><\/figure><\/a><\/div><div class=\"swiper-slide\" role=\"group\" aria-roledescription=\"slide\" aria-label=\"4 de 5\"><a data-elementor-open-lightbox=\"yes\" data-elementor-lightbox-slideshow=\"04296b2\" data-elementor-lightbox-title=\"Habitacion_por_horas_con_vistas_en_Barcelona\" data-e-action-hash=\"#elementor-action%3Aaction%3Dlightbox%26settings%3DeyJpZCI6NDg3MCwidXJsIjoiaHR0cHM6XC9cL2x1eG9yYmNuLmNvbVwvd3AtY29udGVudFwvdXBsb2Fkc1wvMjAyNVwvMDNcL0hhYml0YWNpb25fcG9yX2hvcmFzX2Nvbl92aXN0YXNfZW5fQmFyY2Vsb25hLTEuanBnIiwic2xpZGVzaG93IjoiMDQyOTZiMiJ9\" href=\"https:\/\/luxorbcn.com\/wp-content\/uploads\/2025\/03\/Habitacion_por_horas_con_vistas_en_Barcelona-1.jpg\"><figure class=\"swiper-slide-inner\"><img decoding=\"async\" class=\"swiper-slide-image\" src=\"https:\/\/luxorbcn.com\/wp-content\/uploads\/elementor\/thumbs\/Habitacion_por_horas_con_vistas_en_Barcelona-1-r3hgp77njkx8xlfsvqvnkuyzt2m2n0n7m6lvlj1374.jpg\" alt=\"Habitacion_por_horas_con_vistas_en_Barcelona\" \/><\/figure><\/a><\/div><div class=\"swiper-slide\" role=\"group\" aria-roledescription=\"slide\" aria-label=\"5 de 5\"><a data-elementor-open-lightbox=\"yes\" data-elementor-lightbox-slideshow=\"04296b2\" data-elementor-lightbox-title=\"Motel_en_Barcelona_tarifas_por_horas_y_privacidad\" data-e-action-hash=\"#elementor-action%3Aaction%3Dlightbox%26settings%3DeyJpZCI6NDg5NiwidXJsIjoiaHR0cHM6XC9cL2x1eG9yYmNuLmNvbVwvd3AtY29udGVudFwvdXBsb2Fkc1wvMjAyNVwvMDNcL01vdGVsX2VuX0JhcmNlbG9uYV90YXJpZmFzX3Bvcl9ob3Jhc195X3ByaXZhY2lkYWQtMS5qcGciLCJzbGlkZXNob3ciOiIwNDI5NmIyIn0%3D\" href=\"https:\/\/luxorbcn.com\/wp-content\/uploads\/2025\/03\/Motel_en_Barcelona_tarifas_por_horas_y_privacidad-1.jpg\"><figure class=\"swiper-slide-inner\"><img decoding=\"async\" class=\"swiper-slide-image\" src=\"https:\/\/luxorbcn.com\/wp-content\/uploads\/elementor\/thumbs\/Motel_en_Barcelona_tarifas_por_horas_y_privacidad-1-r3hgqqo4qt15yl78vwun5yz6ut0q95rdht3iwuqv00.jpg\" alt=\"Motel_en_Barcelona_tarifas_por_horas_y_privacidad\" \/><\/figure><\/a><\/div>\t\t\t<\/div>\n\t\t\t\t\t\t\t\t\t\t\t\t<div class=\"elementor-swiper-button elementor-swiper-button-prev\" role=\"button\" tabindex=\"0\">\n\t\t\t\t\t\t<svg aria-hidden=\"true\" class=\"e-font-icon-svg e-eicon-chevron-left\" viewBox=\"0 0 1000 1000\" xmlns=\"http:\/\/www.w3.org\/2000\/svg\"><path d=\"M646 125C629 125 613 133 604 142L308 442C296 454 292 471 292 487 292 504 296 521 308 533L604 854C617 867 629 875 646 875 663 875 679 871 692 858 704 846 713 829 713 812 713 796 708 779 692 767L438 487 692 225C700 217 708 204 708 187 708 171 704 154 692 142 675 129 663 125 646 125Z\"><\/path><\/svg>\t\t\t\t\t<\/div>\n\t\t\t\t\t<div class=\"elementor-swiper-button elementor-swiper-button-next\" role=\"button\" tabindex=\"0\">\n\t\t\t\t\t\t<svg aria-hidden=\"true\" class=\"e-font-icon-svg e-eicon-chevron-right\" viewBox=\"0 0 1000 1000\" xmlns=\"http:\/\/www.w3.org\/2000\/svg\"><path d=\"M696 533C708 521 713 504 713 487 713 471 708 454 696 446L400 146C388 133 375 125 354 125 338 125 325 129 313 142 300 154 292 171 292 187 292 204 296 221 308 233L563 492 304 771C292 783 288 800 288 817 288 833 296 850 308 863 321 871 338 875 354 875 371 875 388 867 400 854L696 533Z\"><\/path><\/svg>\t\t\t\t\t<\/div>\n\t\t\t\t\n\t\t\t\t\t\t\t\t\t<div class=\"swiper-pagination\"><\/div>\n\t\t\t\t\t\t\t\t\t<\/div>\n\t\t\t\t\t\t<\/div>\n\t\t\t\t<\/div>\n\t\t\t\t\t<\/div>\n\t\t<\/div>\n\t\t\t\t<div class=\"elementor-column elementor-col-50 elementor-top-column elementor-element elementor-element-5a254393 elementor-invisible\" data-id=\"5a254393\" data-element_type=\"column\" data-settings=\"{&quot;animation&quot;:&quot;fadeInRight&quot;}\">\n\t\t\t<div class=\"elementor-widget-wrap elementor-element-populated\">\n\t\t\t\t\t\t<div class=\"elementor-element elementor-element-cc5ef00 elementor-widget elementor-widget-text-editor\" data-id=\"cc5ef00\" data-element_type=\"widget\" data-widget_type=\"text-editor.default\">\n\t\t\t\t<div class=\"elementor-widget-container\">\n\t\t\t\t\t\t\t\t\t<p>PAGAMENTS A COMPTE<\/p>\t\t\t\t\t\t\t\t<\/div>\n\t\t\t\t<\/div>\n\t\t\t\t<div class=\"elementor-element elementor-element-77b63dc1 elementor-widget elementor-widget-text-editor\" data-id=\"77b63dc1\" data-element_type=\"widget\" data-widget_type=\"text-editor.default\">\n\t\t\t\t<div class=\"elementor-widget-container\">\n\t\t\t\t\t\t\t\t\t<p>Per a realitzar un pagament a compte, segueix les passes seg\u00fcents:<\/p>\n<p><span style=\"color: var( --e-global-color-text );font-weight: var( --e-global-typography-text-font-weight )\">1.&nbsp;<\/span>Confirma la disponibilitat de la teva reserva.<\/p>\n<ul>\n<li>Confirma dia i hora via xat o tel\u00e8fon<\/li>\n<\/ul>\n<p>2. Fes click al bot\u00f3 \u201cPagar\u201d.<br><i>Ser\u00e0s dirigit a una p\u00e0gina del sistema paypal.<\/i><\/p>\n<ul>\n<li>Posa el teu nom d\u2019usuari i contrasenya o crea un compte nou.<\/li>\n<li>tria la forma de pagament.<\/li>\n<li>Confirma el teu pagament.<\/li>\n<\/ul>\t\t\t\t\t\t\t\t<\/div>\n\t\t\t\t<\/div>\n\t\t\t\t<div class=\"elementor-element elementor-element-0e0d1d2 elementor-widget__width-inherit elementor-widget elementor-widget-html\" data-id=\"0e0d1d2\" data-element_type=\"widget\" data-widget_type=\"html.default\">\n\t\t\t\t<div class=\"elementor-widget-container\">\n\t\t\t\t\t<form class=\"paypal-button\" action=\"https:\/\/www.paypal.com\/cgi-bin\/webscr\" method=\"post\" target=\"_top\">\n<input type=\"hidden\" name=\"cmd\" value=\"_xclick\">\n<input type=\"hidden\" name=\"business\" value=\"info@luxorbcn.com\">\n<input type=\"hidden\" name=\"lc\" value=\"ES\">\n<input type=\"hidden\" name=\"item_name\" value=\"Serveis Professionals\">\n<input type=\"hidden\" name=\"amount\" value=\"41.32\">\n<input type=\"hidden\" name=\"currency_code\" value=\"EUR\">\n<input type=\"hidden\" name=\"button_subtype\" value=\"services\">\n<input type=\"hidden\" name=\"no_note\" value=\"0\">\n<input type=\"hidden\" name=\"bn\" value=\"PP-BuyNowBF:paypal-button.png:NonHostedGuest\">\n<input type=\"image\" src=\"https:\/\/luxorbcn.com\/wp-content\/uploads\/2021\/04\/paypal-button.png\" border=\"0\" name=\"submit\" alt=\"PayPal, la forma r\u00e1pida y segura de pagar en Internet.\">\n<img decoding=\"async\" alt=\"\" border=\"0\" src=\"https:\/\/www.paypalobjects.com\/es_ES\/i\/scr\/pixel.gif\" width=\"1\" height=\"1\">\n<\/form>\n\t\t\t\t<\/div>\n\t\t\t\t<\/div>\n\t\t\t\t<div class=\"elementor-element elementor-element-9398c9b elementor-widget elementor-widget-image\" data-id=\"9398c9b\" data-element_type=\"widget\" data-widget_type=\"image.default\">\n\t\t\t\t<div class=\"elementor-widget-container\">\n\t\t\t\t\t\t\t\t\t\t\t\t\t\t\t<img decoding=\"async\" width=\"316\" height=\"49\" src=\"https:\/\/luxorbcn.com\/wp-content\/uploads\/2021\/03\/pagars-n.png\" class=\"attachment-large size-large wp-image-989\" alt=\"\" \/>\t\t\t\t\t\t\t\t\t\t\t\t\t\t\t<\/div>\n\t\t\t\t<\/div>\n\t\t\t\t<div class=\"elementor-element elementor-element-5ee321a elementor-widget elementor-widget-text-editor\" data-id=\"5ee321a\" data-element_type=\"widget\" data-widget_type=\"text-editor.default\">\n\t\t\t\t<div class=\"elementor-widget-container\">\n\t\t\t\t\t\t\t\t\t<p>El pagament que realitzes es registrar\u00e0 en el teu extracte bancari com : Serveis Professionals.<\/p>\t\t\t\t\t\t\t\t<\/div>\n\t\t\t\t<\/div>\n\t\t\t\t\t<\/div>\n\t\t<\/div>\n\t\t\t\t\t<\/div>\n\t\t<\/section>\n\t\t\t\t<section class=\"elementor-section elementor-top-section elementor-element elementor-element-32f8965 elementor-section-boxed elementor-section-height-default elementor-section-height-default\" data-id=\"32f8965\" data-element_type=\"section\">\n\t\t\t\t\t\t<div class=\"elementor-container elementor-column-gap-default\">\n\t\t\t\t\t<div class=\"elementor-column elementor-col-100 elementor-top-column elementor-element elementor-element-a2374cf\" data-id=\"a2374cf\" data-element_type=\"column\">\n\t\t\t<div class=\"elementor-widget-wrap elementor-element-populated\">\n\t\t\t\t\t\t<div class=\"elementor-element elementor-element-7a19589c elementor-widget elementor-widget-heading\" data-id=\"7a19589c\" data-element_type=\"widget\" data-widget_type=\"heading.default\">\n\t\t\t\t<div class=\"elementor-widget-container\">\n\t\t\t\t\t<h2 class=\"elementor-heading-title elementor-size-default\">Gaudeix de la teva estada<\/h2>\t\t\t\t<\/div>\n\t\t\t\t<\/div>\n\t\t\t\t<div class=\"elementor-element elementor-element-a88bdc7 elementor-widget elementor-widget-spacer\" data-id=\"a88bdc7\" data-element_type=\"widget\" data-widget_type=\"spacer.default\">\n\t\t\t\t<div class=\"elementor-widget-container\">\n\t\t\t\t\t\t\t<div class=\"elementor-spacer\">\n\t\t\t<div class=\"elementor-spacer-inner\"><\/div>\n\t\t<\/div>\n\t\t\t\t\t\t<\/div>\n\t\t\t\t<\/div>\n\t\t\t\t<section class=\"elementor-section elementor-inner-section elementor-element elementor-element-a8dba54 elementor-section-boxed elementor-section-height-default elementor-section-height-default\" data-id=\"a8dba54\" data-element_type=\"section\">\n\t\t\t\t\t\t<div class=\"elementor-container elementor-column-gap-default\">\n\t\t\t\t\t<div class=\"elementor-column elementor-col-33 elementor-inner-column elementor-element elementor-element-1378fe2\" data-id=\"1378fe2\" data-element_type=\"column\">\n\t\t\t<div class=\"elementor-widget-wrap\">\n\t\t\t\t\t\t\t<\/div>\n\t\t<\/div>\n\t\t\t\t<div class=\"elementor-column elementor-col-33 elementor-inner-column elementor-element elementor-element-285f432\" data-id=\"285f432\" data-element_type=\"column\">\n\t\t\t<div class=\"elementor-widget-wrap elementor-element-populated\">\n\t\t\t\t\t\t<div class=\"elementor-element elementor-element-08bfac6 elementor-invisible elementor-widget elementor-widget-image\" data-id=\"08bfac6\" data-element_type=\"widget\" data-settings=\"{&quot;_animation&quot;:&quot;fadeIn&quot;}\" data-widget_type=\"image.default\">\n\t\t\t\t<div class=\"elementor-widget-container\">\n\t\t\t\t\t\t\t\t\t\t\t\t\t\t\t<img decoding=\"async\" src=\"https:\/\/luxorbcn.com\/wp-content\/uploads\/elementor\/thumbs\/log-b-p3aq0i69yd9l8fdoasbehh0rjfmweut2512elgrrcy.png\" title=\"log-b\" alt=\"log-b\" loading=\"lazy\" \/>\t\t\t\t\t\t\t\t\t\t\t\t\t\t\t<\/div>\n\t\t\t\t<\/div>\n\t\t\t\t<div class=\"elementor-element elementor-element-9b71cf7 elementor-widget elementor-widget-spacer\" data-id=\"9b71cf7\" data-element_type=\"widget\" data-widget_type=\"spacer.default\">\n\t\t\t\t<div class=\"elementor-widget-container\">\n\t\t\t\t\t\t\t<div class=\"elementor-spacer\">\n\t\t\t<div class=\"elementor-spacer-inner\"><\/div>\n\t\t<\/div>\n\t\t\t\t\t\t<\/div>\n\t\t\t\t<\/div>\n\t\t\t\t<div class=\"elementor-element elementor-element-6a4f9bf elementor-icon-list--layout-inline elementor-align-center elementor-mobile-align-center elementor-list-item-link-full_width elementor-invisible elementor-widget elementor-widget-icon-list\" data-id=\"6a4f9bf\" data-element_type=\"widget\" data-settings=\"{&quot;_animation&quot;:&quot;fadeInDown&quot;}\" data-widget_type=\"icon-list.default\">\n\t\t\t\t<div class=\"elementor-widget-container\">\n\t\t\t\t\t\t\t<ul class=\"elementor-icon-list-items elementor-inline-items\">\n\t\t\t\t\t\t\t<li class=\"elementor-icon-list-item elementor-inline-item\">\n\t\t\t\t\t\t\t\t\t\t\t<a href=\"https:\/\/www.facebook.com\/Loveluxor\" target=\"_blank\" rel=\"noopener\">\n\n\t\t\t\t\t\t\t\t\t\t\t\t<span class=\"elementor-icon-list-icon\">\n\t\t\t\t\t\t\t<svg aria-hidden=\"true\" class=\"e-font-icon-svg e-fab-facebook-f\" viewBox=\"0 0 320 512\" xmlns=\"http:\/\/www.w3.org\/2000\/svg\"><path d=\"M279.14 288l14.22-92.66h-88.91v-60.13c0-25.35 12.42-50.06 52.24-50.06h40.42V6.26S260.43 0 225.36 0c-73.22 0-121.08 44.38-121.08 124.72v70.62H22.89V288h81.39v224h100.17V288z\"><\/path><\/svg>\t\t\t\t\t\t<\/span>\n\t\t\t\t\t\t\t\t\t\t<span class=\"elementor-icon-list-text\"><\/span>\n\t\t\t\t\t\t\t\t\t\t\t<\/a>\n\t\t\t\t\t\t\t\t\t<\/li>\n\t\t\t\t\t\t\t\t<li class=\"elementor-icon-list-item elementor-inline-item\">\n\t\t\t\t\t\t\t\t\t\t\t<a href=\"https:\/\/twitter.com\/luxorbcn\" target=\"_blank\" rel=\"noopener\">\n\n\t\t\t\t\t\t\t\t\t\t\t\t<span class=\"elementor-icon-list-icon\">\n\t\t\t\t\t\t\t<svg aria-hidden=\"true\" class=\"e-font-icon-svg e-fab-twitter\" viewBox=\"0 0 512 512\" xmlns=\"http:\/\/www.w3.org\/2000\/svg\"><path d=\"M459.37 151.716c.325 4.548.325 9.097.325 13.645 0 138.72-105.583 298.558-298.558 298.558-59.452 0-114.68-17.219-161.137-47.106 8.447.974 16.568 1.299 25.34 1.299 49.055 0 94.213-16.568 130.274-44.832-46.132-.975-84.792-31.188-98.112-72.772 6.498.974 12.995 1.624 19.818 1.624 9.421 0 18.843-1.3 27.614-3.573-48.081-9.747-84.143-51.98-84.143-102.985v-1.299c13.969 7.797 30.214 12.67 47.431 13.319-28.264-18.843-46.781-51.005-46.781-87.391 0-19.492 5.197-37.36 14.294-52.954 51.655 63.675 129.3 105.258 216.365 109.807-1.624-7.797-2.599-15.918-2.599-24.04 0-57.828 46.782-104.934 104.934-104.934 30.213 0 57.502 12.67 76.67 33.137 23.715-4.548 46.456-13.32 66.599-25.34-7.798 24.366-24.366 44.833-46.132 57.827 21.117-2.273 41.584-8.122 60.426-16.243-14.292 20.791-32.161 39.308-52.628 54.253z\"><\/path><\/svg>\t\t\t\t\t\t<\/span>\n\t\t\t\t\t\t\t\t\t\t<span class=\"elementor-icon-list-text\"><\/span>\n\t\t\t\t\t\t\t\t\t\t\t<\/a>\n\t\t\t\t\t\t\t\t\t<\/li>\n\t\t\t\t\t\t\t\t<li class=\"elementor-icon-list-item elementor-inline-item\">\n\t\t\t\t\t\t\t\t\t\t\t<a href=\"https:\/\/instagram.com\/luxorbcn\/\" target=\"_blank\" rel=\"noopener\">\n\n\t\t\t\t\t\t\t\t\t\t\t\t<span class=\"elementor-icon-list-icon\">\n\t\t\t\t\t\t\t<svg aria-hidden=\"true\" class=\"e-font-icon-svg e-fab-instagram\" viewBox=\"0 0 448 512\" xmlns=\"http:\/\/www.w3.org\/2000\/svg\"><path d=\"M224.1 141c-63.6 0-114.9 51.3-114.9 114.9s51.3 114.9 114.9 114.9S339 319.5 339 255.9 287.7 141 224.1 141zm0 189.6c-41.1 0-74.7-33.5-74.7-74.7s33.5-74.7 74.7-74.7 74.7 33.5 74.7 74.7-33.6 74.7-74.7 74.7zm146.4-194.3c0 14.9-12 26.8-26.8 26.8-14.9 0-26.8-12-26.8-26.8s12-26.8 26.8-26.8 26.8 12 26.8 26.8zm76.1 27.2c-1.7-35.9-9.9-67.7-36.2-93.9-26.2-26.2-58-34.4-93.9-36.2-37-2.1-147.9-2.1-184.9 0-35.8 1.7-67.6 9.9-93.9 36.1s-34.4 58-36.2 93.9c-2.1 37-2.1 147.9 0 184.9 1.7 35.9 9.9 67.7 36.2 93.9s58 34.4 93.9 36.2c37 2.1 147.9 2.1 184.9 0 35.9-1.7 67.7-9.9 93.9-36.2 26.2-26.2 34.4-58 36.2-93.9 2.1-37 2.1-147.8 0-184.8zM398.8 388c-7.8 19.6-22.9 34.7-42.6 42.6-29.5 11.7-99.5 9-132.1 9s-102.7 2.6-132.1-9c-19.6-7.8-34.7-22.9-42.6-42.6-11.7-29.5-9-99.5-9-132.1s-2.6-102.7 9-132.1c7.8-19.6 22.9-34.7 42.6-42.6 29.5-11.7 99.5-9 132.1-9s102.7-2.6 132.1 9c19.6 7.8 34.7 22.9 42.6 42.6 11.7 29.5 9 99.5 9 132.1s2.7 102.7-9 132.1z\"><\/path><\/svg>\t\t\t\t\t\t<\/span>\n\t\t\t\t\t\t\t\t\t\t<span class=\"elementor-icon-list-text\"><\/span>\n\t\t\t\t\t\t\t\t\t\t\t<\/a>\n\t\t\t\t\t\t\t\t\t<\/li>\n\t\t\t\t\t\t<\/ul>\n\t\t\t\t\t\t<\/div>\n\t\t\t\t<\/div>\n\t\t\t\t\t<\/div>\n\t\t<\/div>\n\t\t\t\t<div class=\"elementor-column elementor-col-33 elementor-inner-column elementor-element elementor-element-c9f19e7\" data-id=\"c9f19e7\" data-element_type=\"column\">\n\t\t\t<div class=\"elementor-widget-wrap\">\n\t\t\t\t\t\t\t<\/div>\n\t\t<\/div>\n\t\t\t\t\t<\/div>\n\t\t<\/section>\n\t\t\t\t<div class=\"elementor-element elementor-element-2379bf0 elementor-widget elementor-widget-spacer\" data-id=\"2379bf0\" data-element_type=\"widget\" data-widget_type=\"spacer.default\">\n\t\t\t\t<div class=\"elementor-widget-container\">\n\t\t\t\t\t\t\t<div class=\"elementor-spacer\">\n\t\t\t<div class=\"elementor-spacer-inner\"><\/div>\n\t\t<\/div>\n\t\t\t\t\t\t<\/div>\n\t\t\t\t<\/div>\n\t\t\t\t\t<\/div>\n\t\t<\/div>\n\t\t\t\t\t<\/div>\n\t\t<\/section>\n\t\t\t\t<\/div>\n\t\t","protected":false},"excerpt":{"rendered":"<p>BARCELONA LOVE ROOMS Pagaments BARCELONA LOVE ROOMS pagaments a compte PAGAMENTS A COMPTE Per a realitzar un pagament a compte, segueix les passes seg\u00fcents: 1.&nbsp;Confirma la disponibilitat de la teva reserva. Confirma dia i hora via xat o tel\u00e8fon 2. Fes click al bot\u00f3 \u201cPagar\u201d.Ser\u00e0s dirigit a una p\u00e0gina del sistema paypal. Posa el teu &#8230; <a title=\"Pagaments a Compte\" class=\"read-more\" href=\"https:\/\/luxorbcn.com\/ca\/pagaments\/\" aria-label=\"M\u00e9s informaci\u00f3 sobre Pagaments a Compte\">Llegiu m\u00e9s<\/a><\/p>\n","protected":false},"author":1,"featured_media":0,"parent":0,"menu_order":0,"comment_status":"closed","ping_status":"closed","template":"elementor_header_footer","meta":{"_acf_changed":false,"footnotes":""},"class_list":["post-1396","page","type-page","status-publish"],"acf":[],"_links":{"self":[{"href":"https:\/\/luxorbcn.com\/ca\/wp-json\/wp\/v2\/pages\/1396","targetHints":{"allow":["GET"]}}],"collection":[{"href":"https:\/\/luxorbcn.com\/ca\/wp-json\/wp\/v2\/pages"}],"about":[{"href":"https:\/\/luxorbcn.com\/ca\/wp-json\/wp\/v2\/types\/page"}],"author":[{"embeddable":true,"href":"https:\/\/luxorbcn.com\/ca\/wp-json\/wp\/v2\/users\/1"}],"replies":[{"embeddable":true,"href":"https:\/\/luxorbcn.com\/ca\/wp-json\/wp\/v2\/comments?post=1396"}],"version-history":[{"count":33,"href":"https:\/\/luxorbcn.com\/ca\/wp-json\/wp\/v2\/pages\/1396\/revisions"}],"predecessor-version":[{"id":4980,"href":"https:\/\/luxorbcn.com\/ca\/wp-json\/wp\/v2\/pages\/1396\/revisions\/4980"}],"wp:attachment":[{"href":"https:\/\/luxorbcn.com\/ca\/wp-json\/wp\/v2\/media?parent=1396"}],"curies":[{"name":"wp","href":"https:\/\/api.w.org\/{rel}","templated":true}]}}